{"id":2959,"date":"2023-06-15T14:01:04","date_gmt":"2023-06-15T14:01:04","guid":{"rendered":"https:\/\/evasarcea.com\/?page_id=2959"},"modified":"2023-08-22T09:10:53","modified_gmt":"2023-08-22T09:10:53","slug":"campanie-voluntari","status":"publish","type":"page","link":"https:\/\/evasarcea.com\/en\/campanie-voluntari\/","title":{"rendered":"VOLUNTEER CAMPAIGN"},"content":{"rendered":"<div class=\"vc_row wpb_row vc_row-fluid vc_custom_1686837515304\"><div class=\"wpb_column vc_column_container vc_col-sm-12\"><div class=\"vc_column-inner\"><div class=\"wpb_wrapper\"><div class=\"qodef-shortcode qodef-m  qodef-section-title qodef-alignment--left\">\n\t\t\t\t<h3 class=\"qodef-m-title\" >\n\t\t\t\t\tVOLUNTEER CAMPAIGN\t\t\t<\/h3>\n\t<\/div><\/div><\/div><\/div><\/div><div class=\"vc_row wpb_row vc_row-fluid\"><div class=\"wpb_column vc_column_container vc_col-sm-12\"><div class=\"vc_column-inner\"><div class=\"wpb_wrapper\">\n\t<div class=\"wpb_text_column wpb_content_element\" >\n\t\t<div class=\"wpb_wrapper\">\n\t\t\t<p>\u00cen fiecare prim\u0103var\u0103, \u00een cea de-a treia s\u0103pt\u0103m\u00e2n\u0103 a lunii mai, are loc S\u0103pt\u0103m\u00e2na Na\u021bional\u0103 a Voluntariatului.<\/p>\n<p>Cu aceast\u0103 ocazie Almater Hub lanseaz\u0103 <a href=\"https:\/\/www.facebook.com\/hashtag\/campaniaderecrutarevoluntari?__eep__=6&amp;__cft__%5b0%5d=AZX8xuXe6YYZ_coeVyTRrzLenWFMXzm4ypGFWtFEY_ORoQ6KVGysBsbsMs0dMNL1Vb3KFEOvudq_uDuWu12a1EFG5pf9nkrZJa_YMObzkUqtFBAfPfukj3SEKvYyb11Blo1hlgHAHqXsLt7qQMOYMPL_4eLa9FWHnWTLKmeQhbVYN0gZtN75FEvfLAWSu4KsCms&amp;__tn__=*NK-R\">#CampaniaDeRecrutareVoluntari<\/a> !<\/p>\n<p>\u00censcrierile se pot face la adresa de mail <a href=\"mailto:almaterhub@gmail.com\">almaterhub@gmail.com.<\/a><\/p>\n<p>Te vrem \u00een echipa noastr\u0103 \u0219i \u0219tim c\u0103 \u00eempreun\u0103 putem face diferen\u021ba!<\/p>\n\n\t\t<\/div>\n\t<\/div>\n<\/div><\/div><\/div><\/div><div class=\"vc_row wpb_row vc_row-fluid\"><div class=\"wpb_column vc_column_container vc_col-sm-12\"><div class=\"vc_column-inner\"><div class=\"wpb_wrapper\">\n\t<div  class=\"wpb_single_image wpb_content_element vc_align_center\">\n\t\t\n\t\t<figure class=\"wpb_wrapper vc_figure\">\n\t\t\t<div class=\"vc_single_image-wrapper   vc_box_border_grey\"><img loading=\"lazy\" decoding=\"async\" width=\"1683\" height=\"960\" src=\"https:\/\/evasarcea.com\/wp-content\/uploads\/2023\/06\/Proiect-CAMPANIE-VOLUNTARI-evasracea.jpg\" class=\"vc_single_image-img attachment-full\" alt=\"\" title=\"Proiect CAMPANIE VOLUNTARI evasracea\" srcset=\"https:\/\/evasarcea.com\/wp-content\/uploads\/2023\/06\/Proiect-CAMPANIE-VOLUNTARI-evasracea.jpg 1683w, https:\/\/evasarcea.com\/wp-content\/uploads\/2023\/06\/Proiect-CAMPANIE-VOLUNTARI-evasracea-300x171.jpg 300w, https:\/\/evasarcea.com\/wp-content\/uploads\/2023\/06\/Proiect-CAMPANIE-VOLUNTARI-evasracea-1024x584.jpg 1024w, https:\/\/evasarcea.com\/wp-content\/uploads\/2023\/06\/Proiect-CAMPANIE-VOLUNTARI-evasracea-768x438.jpg 768w, https:\/\/evasarcea.com\/wp-content\/uploads\/2023\/06\/Proiect-CAMPANIE-VOLUNTARI-evasracea-1536x876.jpg 1536w, https:\/\/evasarcea.com\/wp-content\/uploads\/2023\/06\/Proiect-CAMPANIE-VOLUNTARI-evasracea-18x10.jpg 18w\" sizes=\"(max-width: 1683px) 100vw, 1683px\" \/><\/div>\n\t\t<\/figure>\n\t<\/div>\n<\/div><\/div><\/div><\/div>","protected":false},"excerpt":{"rendered":"CAMPANIE VOLUNTARI \u00cen fiecare prim\u0103var\u0103, \u00een cea de-a treia s\u0103pt\u0103m\u00e2n\u0103 a lunii mai, are loc S\u0103pt\u0103m\u00e2na Na\u021bional\u0103 a Voluntariatului. Cu aceast\u0103 ocazie Almater Hub lanseaz\u0103 #CampaniaDeRecrutareVoluntari ! \u00censcrierile se pot face la adresa de mail almaterhub@gmail.com. Te vrem \u00een echipa noastr\u0103 \u0219i \u0219tim c\u0103 \u00eempreun\u0103 putem face diferen\u021ba!","protected":false},"author":1,"featured_media":2702,"parent":0,"menu_order":0,"comment_status":"closed","ping_status":"closed","template":"","meta":{"cybocfi_hide_featured_image":"","footnotes":""},"aioseo_notices":[],"_links":{"self":[{"href":"https:\/\/evasarcea.com\/en\/wp-json\/wp\/v2\/pages\/2959"}],"collection":[{"href":"https:\/\/evasarcea.com\/en\/wp-json\/wp\/v2\/pages"}],"about":[{"href":"https:\/\/evasarcea.com\/en\/wp-json\/wp\/v2\/types\/page"}],"author":[{"embeddable":true,"href":"https:\/\/evasarcea.com\/en\/wp-json\/wp\/v2\/users\/1"}],"replies":[{"embeddable":true,"href":"https:\/\/evasarcea.com\/en\/wp-json\/wp\/v2\/comments?post=2959"}],"version-history":[{"count":1,"href":"https:\/\/evasarcea.com\/en\/wp-json\/wp\/v2\/pages\/2959\/revisions"}],"predecessor-version":[{"id":2961,"href":"https:\/\/evasarcea.com\/en\/wp-json\/wp\/v2\/pages\/2959\/revisions\/2961"}],"wp:featuredmedia":[{"embeddable":true,"href":"https:\/\/evasarcea.com\/en\/wp-json\/wp\/v2\/media\/2702"}],"wp:attachment":[{"href":"https:\/\/evasarcea.com\/en\/wp-json\/wp\/v2\/media?parent=2959"}],"curies":[{"name":"wp","href":"https:\/\/api.w.org\/{rel}","templated":true}]}}